{"id":158,"date":"2025-07-10T14:23:21","date_gmt":"2025-07-10T17:23:21","guid":{"rendered":"https:\/\/lunetas.unilab.edu.br\/?page_id=158"},"modified":"2025-07-10T14:28:04","modified_gmt":"2025-07-10T17:28:04","slug":"o-projeto","status":"publish","type":"page","link":"https:\/\/lunetas.unilab.edu.br\/?page_id=158","title":{"rendered":"O Projeto"},"content":{"rendered":"\n<p>Ol\u00e1, sejam bem-vindos\/as ao <strong>Projeto Lunetas &#8211; Empoderando Meninas na Ci\u00eancia e Tecnologia!<\/strong><br><br>Somos uma parceria entre as institui\u00e7\u00f5es<strong> UNILAB, UFC <\/strong>e<strong> IFCE,<\/strong> trabalhando no incentivo a participa\u00e7\u00e3o de meninas e mulheres nas \u00e1reas de <strong>Ci\u00eancia, Tecnologia, Engenharia e Matem\u00e1tica (STEM)<\/strong>. Nosso objetivo \u00e9 promover a igualdade de g\u00eanero e racial por meio de a\u00e7\u00f5es de divulga\u00e7\u00e3o cient\u00edfica, mentoria e pesquisa cient\u00edfica, criando oportunidades e fortalecendo a presen\u00e7a feminina nessas \u00e1reas<br><br>Acompanhem nossas redes sociais e fiquem por dentro das novidades!<br><br><strong>#MulheresNaCi\u00eancia #ProjetoLunetas #IgualdadeDeG\u00eanero #Ci\u00eanciaETecnologia<\/strong><\/p>\n\n\n\n<p><\/p>\n\n\n\n<p><\/p>\n\n\n\n<h2 class=\"wp-block-heading\">Organograma<\/h2>\n\n\n<figure class=\"wp-block-post-featured-image\"><img loading=\"lazy\" decoding=\"async\" width=\"1036\" height=\"684\" src=\"https:\/\/lunetas.unilab.edu.br\/wp-content\/uploads\/2025\/07\/002.png\" class=\"imagem-responsiva wp-post-image\" alt=\"\" style=\"object-fit:cover;\" srcset=\"https:\/\/lunetas.unilab.edu.br\/wp-content\/uploads\/2025\/07\/002.png 1036w, https:\/\/lunetas.unilab.edu.br\/wp-content\/uploads\/2025\/07\/002-300x198.png 300w, https:\/\/lunetas.unilab.edu.br\/wp-content\/uploads\/2025\/07\/002-1024x676.png 1024w, https:\/\/lunetas.unilab.edu.br\/wp-content\/uploads\/2025\/07\/002-768x507.png 768w\" sizes=\"auto, (max-width: 1036px) 100vw, 1036px\" \/><\/figure>","protected":false},"excerpt":{"rendered":"<p>Ol\u00e1, sejam bem-vindos\/as ao Projeto Lunetas &#8211; Empoderando Meninas na Ci\u00eancia e Tecnologia! Somos uma parceria entre as institui\u00e7\u00f5es UNILAB, UFC e IFCE, trabalhando no incentivo a participa\u00e7\u00e3o de meninas e mulheres nas \u00e1reas de Ci\u00eancia, Tecnologia, Engenharia e Matem\u00e1tica (STEM). Nosso objetivo \u00e9 promover a igualdade de g\u00eanero e racial por meio de a\u00e7\u00f5es [&hellip;]<\/p>\n","protected":false},"author":2,"featured_media":148,"parent":0,"menu_order":0,"comment_status":"closed","ping_status":"closed","template":"","meta":{"footnotes":""},"class_list":["post-158","page","type-page","status-publish","has-post-thumbnail","hentry"],"_links":{"self":[{"href":"https:\/\/lunetas.unilab.edu.br\/index.php?rest_route=\/wp\/v2\/pages\/158","targetHints":{"allow":["GET"]}}],"collection":[{"href":"https:\/\/lunetas.unilab.edu.br\/index.php?rest_route=\/wp\/v2\/pages"}],"about":[{"href":"https:\/\/lunetas.unilab.edu.br\/index.php?rest_route=\/wp\/v2\/types\/page"}],"author":[{"embeddable":true,"href":"https:\/\/lunetas.unilab.edu.br\/index.php?rest_route=\/wp\/v2\/users\/2"}],"replies":[{"embeddable":true,"href":"https:\/\/lunetas.unilab.edu.br\/index.php?rest_route=%2Fwp%2Fv2%2Fcomments&post=158"}],"version-history":[{"count":5,"href":"https:\/\/lunetas.unilab.edu.br\/index.php?rest_route=\/wp\/v2\/pages\/158\/revisions"}],"predecessor-version":[{"id":167,"href":"https:\/\/lunetas.unilab.edu.br\/index.php?rest_route=\/wp\/v2\/pages\/158\/revisions\/167"}],"wp:featuredmedia":[{"embeddable":true,"href":"https:\/\/lunetas.unilab.edu.br\/index.php?rest_route=\/wp\/v2\/media\/148"}],"wp:attachment":[{"href":"https:\/\/lunetas.unilab.edu.br\/index.php?rest_route=%2Fwp%2Fv2%2Fmedia&parent=158"}],"curies":[{"name":"wp","href":"https:\/\/api.w.org\/{rel}","templated":true}]}}